{"id":1058,"date":"2021-12-10T19:01:24","date_gmt":"2021-12-10T19:01:24","guid":{"rendered":"http:\/\/stabines-se.com\/?page_id=1058"},"modified":"2022-09-13T21:37:53","modified_gmt":"2022-09-13T21:37:53","slug":"cookie-policy","status":"publish","type":"page","link":"https:\/\/stabines-se.com\/it\/cookie-policy\/","title":{"rendered":"Politica sui Cookie"},"content":{"rendered":"<div data-elementor-type=\"wp-page\" data-elementor-id=\"1058\" class=\"elementor elementor-1058\">\n\t\t\t\t\t\t\t\t\t<section class=\"elementor-section elementor-top-section elementor-element elementor-element-ef56bf2 elementor-section-boxed elementor-section-height-default elementor-section-height-default parallax_section_no qode_elementor_container_no\" data-id=\"ef56bf2\" data-element_type=\"section\" data-settings=\"{&quot;ekit_has_onepagescroll_dot&quot;:&quot;yes&quot;}\">\n\t\t\t\t\t\t<div class=\"elementor-container elementor-column-gap-default\">\n\t\t\t\t\t<div class=\"elementor-column elementor-col-100 elementor-top-column elementor-element elementor-element-b54e423\" data-id=\"b54e423\" data-element_type=\"column\">\n\t\t\t<div class=\"elementor-widget-wrap elementor-element-populated\">\n\t\t\t\t\t\t\t\t<div class=\"elementor-element elementor-element-5dac9e0 elementor-widget elementor-widget-heading\" data-id=\"5dac9e0\" data-element_type=\"widget\" data-settings=\"{&quot;ekit_we_effect_on&quot;:&quot;none&quot;}\" data-widget_type=\"heading.default\">\n\t\t\t\t<div class=\"elementor-widget-container\">\n\t\t\t<style>\/*! elementor - v3.9.2 - 21-12-2022 *\/\n.elementor-heading-title{padding:0;margin:0;line-height:1}.elementor-widget-heading .elementor-heading-title[class*=elementor-size-]>a{color:inherit;font-size:inherit;line-height:inherit}.elementor-widget-heading .elementor-heading-title.elementor-size-small{font-size:15px}.elementor-widget-heading .elementor-heading-title.elementor-size-medium{font-size:19px}.elementor-widget-heading .elementor-heading-title.elementor-size-large{font-size:29px}.elementor-widget-heading .elementor-heading-title.elementor-size-xl{font-size:39px}.elementor-widget-heading .elementor-heading-title.elementor-size-xxl{font-size:59px}<\/style><h2 class=\"elementor-heading-title elementor-size-default\">Politica sui Cookie<\/h2>\t\t<\/div>\n\t\t\t\t<\/div>\n\t\t\t\t<div class=\"elementor-element elementor-element-f54ef63 elementor-absolute elementor-widget elementor-widget-heading\" data-id=\"f54ef63\" data-element_type=\"widget\" data-settings=\"{&quot;_position&quot;:&quot;absolute&quot;,&quot;ekit_we_effect_on&quot;:&quot;none&quot;}\" data-widget_type=\"heading.default\">\n\t\t\t\t<div class=\"elementor-widget-container\">\n\t\t\t<h2 class=\"elementor-heading-title elementor-size-default\">Politica sui Cookie<\/h2>\t\t<\/div>\n\t\t\t\t<\/div>\n\t\t\t\t\t<\/div>\n\t\t<\/div>\n\t\t\t\t\t\t\t<\/div>\n\t\t<\/section>\n\t\t\t\t<section class=\"elementor-section elementor-top-section elementor-element elementor-element-f608074 elementor-section-boxed elementor-section-height-default elementor-section-height-default parallax_section_no qode_elementor_container_no\" data-id=\"f608074\" data-element_type=\"section\" data-settings=\"{&quot;ekit_has_onepagescroll_dot&quot;:&quot;yes&quot;}\">\n\t\t\t\t\t\t<div class=\"elementor-container elementor-column-gap-default\">\n\t\t\t\t\t<div class=\"elementor-column elementor-col-100 elementor-top-column elementor-element elementor-element-ef98cad\" data-id=\"ef98cad\" data-element_type=\"column\">\n\t\t\t<div class=\"elementor-widget-wrap elementor-element-populated\">\n\t\t\t\t\t\t\t\t<div class=\"elementor-element elementor-element-ca6b49a elementor-widget elementor-widget-text-editor\" data-id=\"ca6b49a\" data-element_type=\"widget\" data-settings=\"{&quot;ekit_we_effect_on&quot;:&quot;none&quot;}\" data-widget_type=\"text-editor.default\">\n\t\t\t\t<div class=\"elementor-widget-container\">\n\t\t\t<style>\/*! elementor - v3.9.2 - 21-12-2022 *\/\n.elementor-widget-text-editor.elementor-drop-cap-view-stacked .elementor-drop-cap{background-color:#818a91;color:#fff}.elementor-widget-text-editor.elementor-drop-cap-view-framed .elementor-drop-cap{color:#818a91;border:3px solid;background-color:transparent}.elementor-widget-text-editor:not(.elementor-drop-cap-view-default) .elementor-drop-cap{margin-top:8px}.elementor-widget-text-editor:not(.elementor-drop-cap-view-default) .elementor-drop-cap-letter{width:1em;height:1em}.elementor-widget-text-editor .elementor-drop-cap{float:left;text-align:center;line-height:1;font-size:50px}.elementor-widget-text-editor .elementor-drop-cap-letter{display:inline-block}<\/style>\t\t\t\t<p>Questa policy sui cookie spiega come Stabines International Kft usa i cookie e tecnologie simili. Ogni volta che usi i siti internet, i prodotti, i servizi pubblicitari o altre tecnologie di Stabines (\"Servizi\") o visiti un sito internet, un'app o un servizio che usa i nostri Servizi, possono essere raccolte informazioni tramite l'uso dei cookie e di tecnologie simili. Stabines s\u2019impegna a proteggere le informazioni personali raccolte durante l'uso dei nostri Servizi.<\/p><p>&#8211; Cookie: a small amount of data generated by a website and saved by your web browser. It is used to identify your browser, provide analytics, and remember information about you, such as your language preference or login information.<\/p><p>&#8211; Company: when this policy mentions \u201cCompany,\u201d \u201cwe,\u201d \u201cus,\u201d or \u201cour,\u201d it refers to Stabines International Kft (1145 Budapest, Mexikoi ut 65\/b fszt. 2), that is responsible for your information under this Cookie Policy.<\/p><p>&#8211; Device: any internet-connected device such as a phone, tablet, computer or any other device that can be used to visit Stabines and use the services.<\/p><p>&#8211; Personal Data: Any information that directly, indirectly, or in connection with other information \u2014 including a personal identification number \u2014 allows for the identification or identifiability of a natural person.<\/p><p>&#8211; Service: refers to the service provided by Stabines as described in the relative terms (if available) and on this platform.<\/p><p>&#8211; Third-party service: refers to advertisers, contest sponsors, promotional and marketing partners, and others who provide our content or whose products or services we think may interest you.<\/p><p>&#8211; Website: Stabines International Kft\u2019s site, which can be accessed via this URL: https:\/\/Stabines.com\/<\/p><p>&#8211; You: a person or entity registered with Stabines International Kft to use the Services.<\/p>\t\t\t\t\t\t<\/div>\n\t\t\t\t<\/div>\n\t\t\t\t<div class=\"elementor-element elementor-element-8400354 elementor-widget elementor-widget-text-editor\" data-id=\"8400354\" data-element_type=\"widget\" data-settings=\"{&quot;ekit_we_effect_on&quot;:&quot;none&quot;}\" data-widget_type=\"text-editor.default\">\n\t\t\t\t<div class=\"elementor-widget-container\">\n\t\t\t\t\t\t\t<p>QUESTA POLICY SUI COOKIE FORNISCE LE SEGUENTI INFORMAZIONI AGLI UTENTI:<\/p><p>\u00a0<\/p><p>COSA SONO I COOKIE E LE TECNOLOGIE SIMILI?<\/p>\t\t\t\t\t\t<\/div>\n\t\t\t\t<\/div>\n\t\t\t\t<div class=\"elementor-element elementor-element-ed6e4d4 elementor-widget elementor-widget-text-editor\" data-id=\"ed6e4d4\" data-element_type=\"widget\" data-settings=\"{&quot;ekit_we_effect_on&quot;:&quot;none&quot;}\" data-widget_type=\"text-editor.default\">\n\t\t\t\t<div class=\"elementor-widget-container\">\n\t\t\t\t\t\t\t<p class=\" translation-block\">Un cookie \u00e8 un piccolo file di dati, spesso contenente un identificatore univoco, che viene inviato al tuo computer, smartphone o tablet (denominato in questa policy un \"dispositivo\") dal server internet in modo che il sito internet possa ricordare alcune informazioni su la tua attivit\u00e0 di navigazione sul sito. Il cookie raccoglier\u00e0 informazioni relative al tuo uso dei nostri Servizi, informazioni sul tuo dispositivo (come l'indirizzo IP del dispositivo, la tipologia di browser, la posizione generica e, se hai usato un link di terzi per giungere al nostro sito, l'URL della pagina contenente il link). Se ti registri per fruire di un qualsiasi Servizio o di un abbonato, allora il cookie pu\u00f2 anche raccogliere il tuo nome ed indirizzo email, che potrebbero essere trasferiti a responsabili del trattamento per scopi di verifica dell'utente registrato o dell'abbonato.\n<br><br>\nTecnologie simili sono note come \"archiviazione locale\" e possono essere usate anche nei nostri Servizi in alternativa ai cookie. Questa tecnologia, simile ai cookie, svolge funzioni molto simili, come la memorizzazione nella cache dei dati per consentirci di migliorare i nostri Servizi, consentendoti di registrarti ad essi, tracciare l'attivit\u00e0 per consentire ai nostri inserzionisti ed a noi di pubblicare pubblicit\u00e0 in base a questa policy e contando il numero di persone che visualizzano annunci sui nostri Servizi. Quando ci riferiamo a \"cookie\" in questa policy, facciamo riferimento ai cookie o a tecnologie similari.\n <br><br>\nI cookie registrano informazioni sulle preferenze online e ci aiutano a personalizzare i nostri Servizi in base agli interessi degli utenti. Le informazioni fornite dai cookie possono aiutarci ad analizzare come usi i nostri servizi ed aiutarci a fornirti una migliore esperienza utente.\n\nOltre ai cookie, i nostri Servizi possono usare web beacon, clear GIF, tag di pagina e web bug. Quelli appena elencati sono tecnologie implementate da siti internet o a server di terzi che permettono d'analizzare l'uso del sito internet e migliorare la tua esperienza coi Servizi.<\/p>\t\t\t\t\t\t<\/div>\n\t\t\t\t<\/div>\n\t\t\t\t<div class=\"elementor-element elementor-element-ea6cd50 elementor-widget elementor-widget-text-editor\" data-id=\"ea6cd50\" data-element_type=\"widget\" data-settings=\"{&quot;ekit_we_effect_on&quot;:&quot;none&quot;}\" data-widget_type=\"text-editor.default\">\n\t\t\t\t<div class=\"elementor-widget-container\">\n\t\t\t\t\t\t\t<p>QUALI SONO LE DIVERSE TIPOLOGIE DI COOKIE?<\/p>\t\t\t\t\t\t<\/div>\n\t\t\t\t<\/div>\n\t\t\t\t<div class=\"elementor-element elementor-element-4d25f09 elementor-widget elementor-widget-text-editor\" data-id=\"4d25f09\" data-element_type=\"widget\" data-settings=\"{&quot;ekit_we_effect_on&quot;:&quot;none&quot;}\" data-widget_type=\"text-editor.default\">\n\t\t\t\t<div class=\"elementor-widget-container\">\n\t\t\t\t\t\t\t<p>I cookie di sessione vengono memorizzati solo per la durata della visita ad un sito internet e vengono eliminati dal dispositivo una volta chiuso il browser; <br \/><br \/>I cookie persistenti vengono salvati sul tuo dispositivo per un determinato periodo di tempo dopo la chiusura del browser e vengono usati quando noi (o terzi) abbiamo bisogno di identificarti per una successiva sessione di navigazione. <br \/><br \/>Sul nostro sito internet usiamo i seguenti tipi di cookie: cookie essenziali, cookie di prestazioni e funzionalit\u00e0, cookie analitici e di personalizzazione e cookie di terzi.<\/p>\t\t\t\t\t\t<\/div>\n\t\t\t\t<\/div>\n\t\t\t\t<div class=\"elementor-element elementor-element-7be173b elementor-widget elementor-widget-text-editor\" data-id=\"7be173b\" data-element_type=\"widget\" data-settings=\"{&quot;ekit_we_effect_on&quot;:&quot;none&quot;}\" data-widget_type=\"text-editor.default\">\n\t\t\t\t<div class=\"elementor-widget-container\">\n\t\t\t\t\t\t\t<p>A COSA SERVONO I COOKIE?<\/p>\t\t\t\t\t\t<\/div>\n\t\t\t\t<\/div>\n\t\t\t\t<div class=\"elementor-element elementor-element-696e8cb elementor-widget elementor-widget-text-editor\" data-id=\"696e8cb\" data-element_type=\"widget\" data-settings=\"{&quot;ekit_we_effect_on&quot;:&quot;none&quot;}\" data-widget_type=\"text-editor.default\">\n\t\t\t\t<div class=\"elementor-widget-container\">\n\t\t\t\t\t\t\t<p>1. Cookie essenziali <br \/>Usiamo i cookie essenziali per far funzionare il nostro sito internet. Questi cookie sono strettamente necessari per abilitare le funzionalit\u00e0 di base come la sicurezza, la gestione della rete, le preferenze sui cookie e l'accessibilit\u00e0. Senza di essi non potresti usare i servizi di base. \u00c8 possibile disabilitarli modificando le impostazioni del browser, ma ci\u00f2 potrebbe influire sul funzionamento stesso del sito internet. <br \/><br \/>2. Cookie Funzionali <br \/>I cookie funzionali sono essenziali per il funzionamento dei nostri Servizi e sono usati per ricordare le tue preferenze sui nostri siti internet e fornire funzionalit\u00e0 avanzate e pi\u00f9 personali. Le informazioni raccolte da questi cookie sono generalmente anonime, quindi non possiamo identificarti. I cookie funzionali non tracciano l'uso di Internet, non raccolgono informazioni che potrebbero essere usate per la pubblicit\u00e0 ma aiutano a fornire pubblicit\u00e0. Questi cookie sono solitamente cookie di sessione che scadono alla chiusura della navigazione. <br \/><br \/>3. Cookie di misurazione e performance analitica <br \/>I cookie analitici per le prestazioni vengono usati per monitorare le prestazioni dei nostri Servizi, ad esempio per determinare il numero di visualizzazioni d'una pagina ed il numero d'utenti unici d'un sito internet. I servizi d'analisi web possono essere creati e gestiti da terzi. Le informazioni fornite da questi cookie ci permettono d'analizzare i comportamenti degli utenti. Usiamo tali informazioni per migliorare l'esperienza dell'utente o identificare le aree del sito internet che richiedono manutenzione. I dati sono anonimi (cio\u00e8 non possono identificarti e non contengono informazioni personali come il tuo nome ed indirizzo email). Viene usato a soli fini statistici. <br \/><br \/>4. Cookie di terzi <br \/>Alcuni cookie impostati sul nostro sito internet non sono direttamente di Stabines. Nel sito internet, infatti, possono essere incorporati contenuti di terzi per fornire pubblicit\u00e0. Questi fornitori di servizi possono impostare i loro cookie sul tuo browser internet. I fornitori di servizi di terzi controllano molte prestazioni e funzionalit\u00e0, cookie pubblicitari, di marketing e d'analisi sopra descritti. Non controlliamo l'uso di questi cookie in quanto accessibili solo da chi li ha impostati in origine.<\/p>\t\t\t\t\t\t<\/div>\n\t\t\t\t<\/div>\n\t\t\t\t<div class=\"elementor-element elementor-element-3936e05 elementor-widget elementor-widget-text-editor\" data-id=\"3936e05\" data-element_type=\"widget\" data-settings=\"{&quot;ekit_we_effect_on&quot;:&quot;none&quot;}\" data-widget_type=\"text-editor.default\">\n\t\t\t\t<div class=\"elementor-widget-container\">\n\t\t\t\t\t\t\t<p>COME POSSO GESTIRE I COOKIE GLI UTENTI?<\/p>\t\t\t\t\t\t<\/div>\n\t\t\t\t<\/div>\n\t\t\t\t<div class=\"elementor-element elementor-element-0824a8b elementor-widget elementor-widget-text-editor\" data-id=\"0824a8b\" data-element_type=\"widget\" data-settings=\"{&quot;ekit_we_effect_on&quot;:&quot;none&quot;}\" data-widget_type=\"text-editor.default\">\n\t\t\t\t<div class=\"elementor-widget-container\">\n\t\t\t\t\t\t\t<p>Alcune persone trovano invadente l'idea d'un sito internet che memorizza informazioni sul proprio dispositivo, in particolare quando i dati vengono archiviati ed usati da terzi. Se sei tra queste persone, puoi opporti alla pubblicazione di pubblicit\u00e0 mirata secondo i tuoi interessi in base alla tua cronologia di navigazione.<\/p><p>I cookie, anche quelli gi\u00e0 impostati, possono essere cancellati dal tuo disco rigido. Per scoprire come fare, continua di seguito per ulteriori informazioni. <br \/>&#8211; Google Chrome <br \/>&#8211; Internet Explorer <br \/>&#8211; Mozilla Firefox <br \/>&#8211; Safari (Desktop) <br \/>&#8211; Safari (Mobile) <br \/>&#8211; Android Browser <br \/>&#8211; Opera <br \/>&#8211; Opera Mobile<\/p>\t\t\t\t\t\t<\/div>\n\t\t\t\t<\/div>\n\t\t\t\t<div class=\"elementor-element elementor-element-2226e42 elementor-widget elementor-widget-text-editor\" data-id=\"2226e42\" data-element_type=\"widget\" data-settings=\"{&quot;ekit_we_effect_on&quot;:&quot;none&quot;}\" data-widget_type=\"text-editor.default\">\n\t\t\t\t<div class=\"elementor-widget-container\">\n\t\t\t\t\t\t\t<p>MODIFICHE ALLA NOSTRA POLICY SUI COOKIE<\/p>\t\t\t\t\t\t<\/div>\n\t\t\t\t<\/div>\n\t\t\t\t<div class=\"elementor-element elementor-element-597f3ae elementor-widget elementor-widget-text-editor\" data-id=\"597f3ae\" data-element_type=\"widget\" data-settings=\"{&quot;ekit_we_effect_on&quot;:&quot;none&quot;}\" data-widget_type=\"text-editor.default\">\n\t\t\t\t<div class=\"elementor-widget-container\">\n\t\t\t\t\t\t\t<p>Potremmo modificare il nostro Servizio e le nostre policy e potremmo aver bisogno d'apportare modifiche alla presente policy sui cookie per riflettere accuratamente il nostro Servizio e le nostre politiche. Salvo quanto diversamente richiesto dalla legge, ti informeremo (ad esempio, tramite il nostro Servizio) prima di modificare la presente Policy sui Cookie, permettendoti d'esaminarle prima che entrino in vigore qualsiasi modifica. Quindi, se continui ad usare il Servizio, sarai vincolato dalla Policy sui Cookie aggiornata. Se non vuoi accettare questa o Policy sui Cookie oppure una policy aggiornata, puoi cancellare il tuo account.<\/p>\t\t\t\t\t\t<\/div>\n\t\t\t\t<\/div>\n\t\t\t\t<div class=\"elementor-element elementor-element-296cefa elementor-widget elementor-widget-text-editor\" data-id=\"296cefa\" data-element_type=\"widget\" data-settings=\"{&quot;ekit_we_effect_on&quot;:&quot;none&quot;}\" data-widget_type=\"text-editor.default\">\n\t\t\t\t<div class=\"elementor-widget-container\">\n\t\t\t\t\t\t\t<p>CONTATTACI<\/p>\t\t\t\t\t\t<\/div>\n\t\t\t\t<\/div>\n\t\t\t\t<div class=\"elementor-element elementor-element-cea4490 elementor-widget elementor-widget-text-editor\" data-id=\"cea4490\" data-element_type=\"widget\" data-settings=\"{&quot;ekit_we_effect_on&quot;:&quot;none&quot;}\" data-widget_type=\"text-editor.default\">\n\t\t\t\t<div class=\"elementor-widget-container\">\n\t\t\t\t\t\t\t<p>Per qualsiasi domanda, contattaci: <br \/>&#8211; Via Email: <a href=\"mailto:info@stabines-se.com\">info@stabines-se.com<\/a> <br \/>&#8211; Via Phone: <a href=\"tel:+3618001944\">+3618001944<\/a> <br \/>&#8211; Via this Link: <a href=\"https:\/\/stabines-se.com\/index.php\/contact\/\">https:\/\/stabines-se.com\/index.php\/contact\/ <\/a><\/p>\t\t\t\t\t\t<\/div>\n\t\t\t\t<\/div>\n\t\t\t\t\t<\/div>\n\t\t<\/div>\n\t\t\t\t\t\t\t<\/div>\n\t\t<\/section>\n\t\t\t\t\t\t\t<\/div>","protected":false},"excerpt":{"rendered":"<p>Cookie Policy Cookie Policy This Cookies Policy explains how Stabines International Kft uses cookies and similar technologies. Whenever you use Stabines\u2019s websites, products, advertising services or other technologies (\u201cServices\u201d), or visit a website, app or service which uses our Services, information may be collected through&#8230;<\/p>","protected":false},"author":1,"featured_media":0,"parent":0,"menu_order":0,"comment_status":"closed","ping_status":"closed","template":"","meta":{"om_disable_all_campaigns":false,"inline_featured_image":false,"_mi_skip_tracking":false,"footnotes":""},"acf":[],"yoast_head":"<!-- This site is optimized with the Yoast SEO Premium plugin v17.1 (Yoast SEO v19.13) - https:\/\/yoast.com\/wordpress\/plugins\/seo\/ -->\n<title>Cookie Policy - Recruitment and Employment Agency<\/title>\n<meta name=\"robots\" content=\"index, follow, max-snippet:-1, max-image-preview:large, max-video-preview:-1\" \/>\n<link rel=\"canonical\" href=\"https:\/\/stabines-se.com\/it\/cookie-policy\/\" \/>\n<meta property=\"og:locale\" content=\"it_IT\" \/>\n<meta property=\"og:type\" content=\"article\" \/>\n<meta property=\"og:title\" content=\"Cookie Policy\" \/>\n<meta property=\"og:description\" content=\"Cookie Policy Cookie Policy This Cookies Policy explains how Stabines International Kft uses cookies and similar technologies. Whenever you use Stabines\u2019s websites, products, advertising services or other technologies (\u201cServices\u201d), or visit a website, app or service which uses our Services, information may be collected through...\" \/>\n<meta property=\"og:url\" content=\"https:\/\/stabines-se.com\/it\/cookie-policy\/\" \/>\n<meta property=\"og:site_name\" content=\"Recruitment and Employment Agency\" \/>\n<meta property=\"article:modified_time\" content=\"2022-09-13T21:37:53+00:00\" \/>\n<meta name=\"twitter:card\" content=\"summary_large_image\" \/>\n<meta name=\"twitter:label1\" content=\"Tempo di lettura stimato\" \/>\n\t<meta name=\"twitter:data1\" content=\"6 minuti\" \/>\n<script type=\"application\/ld+json\" class=\"yoast-schema-graph\">{\"@context\":\"https:\/\/schema.org\",\"@graph\":[{\"@type\":\"WebPage\",\"@id\":\"https:\/\/stabines-se.com\/cookie-policy\/\",\"url\":\"https:\/\/stabines-se.com\/cookie-policy\/\",\"name\":\"Cookie Policy - Recruitment and Employment Agency\",\"isPartOf\":{\"@id\":\"https:\/\/stabines-se.com\/#website\"},\"datePublished\":\"2021-12-10T19:01:24+00:00\",\"dateModified\":\"2022-09-13T21:37:53+00:00\",\"breadcrumb\":{\"@id\":\"https:\/\/stabines-se.com\/cookie-policy\/#breadcrumb\"},\"inLanguage\":\"it-IT\",\"potentialAction\":[{\"@type\":\"ReadAction\",\"target\":[\"https:\/\/stabines-se.com\/cookie-policy\/\"]}]},{\"@type\":\"BreadcrumbList\",\"@id\":\"https:\/\/stabines-se.com\/cookie-policy\/#breadcrumb\",\"itemListElement\":[{\"@type\":\"ListItem\",\"position\":1,\"name\":\"Home\",\"item\":\"https:\/\/stabines-se.com\/\"},{\"@type\":\"ListItem\",\"position\":2,\"name\":\"Cookie Policy\"}]},{\"@type\":\"WebSite\",\"@id\":\"https:\/\/stabines-se.com\/#website\",\"url\":\"https:\/\/stabines-se.com\/\",\"name\":\"Recruitment and Employment Agency\",\"description\":\"\",\"potentialAction\":[{\"@type\":\"SearchAction\",\"target\":{\"@type\":\"EntryPoint\",\"urlTemplate\":\"https:\/\/stabines-se.com\/?s={search_term_string}\"},\"query-input\":\"required name=search_term_string\"}],\"inLanguage\":\"it-IT\"}]}<\/script>\n<!-- \/ Yoast SEO Premium plugin. -->","yoast_head_json":{"title":"Cookie Policy - Recruitment and Employment Agency","robots":{"index":"index","follow":"follow","max-snippet":"max-snippet:-1","max-image-preview":"max-image-preview:large","max-video-preview":"max-video-preview:-1"},"canonical":"https:\/\/stabines-se.com\/it\/cookie-policy\/","og_locale":"it_IT","og_type":"article","og_title":"Cookie Policy","og_description":"Cookie Policy Cookie Policy This Cookies Policy explains how Stabines International Kft uses cookies and similar technologies. Whenever you use Stabines\u2019s websites, products, advertising services or other technologies (\u201cServices\u201d), or visit a website, app or service which uses our Services, information may be collected through...","og_url":"https:\/\/stabines-se.com\/it\/cookie-policy\/","og_site_name":"Recruitment and Employment Agency","article_modified_time":"2022-09-13T21:37:53+00:00","twitter_card":"summary_large_image","twitter_misc":{"Tempo di lettura stimato":"6 minuti"},"schema":{"@context":"https:\/\/schema.org","@graph":[{"@type":"WebPage","@id":"https:\/\/stabines-se.com\/cookie-policy\/","url":"https:\/\/stabines-se.com\/cookie-policy\/","name":"Cookie Policy - Recruitment and Employment Agency","isPartOf":{"@id":"https:\/\/stabines-se.com\/#website"},"datePublished":"2021-12-10T19:01:24+00:00","dateModified":"2022-09-13T21:37:53+00:00","breadcrumb":{"@id":"https:\/\/stabines-se.com\/cookie-policy\/#breadcrumb"},"inLanguage":"it-IT","potentialAction":[{"@type":"ReadAction","target":["https:\/\/stabines-se.com\/cookie-policy\/"]}]},{"@type":"BreadcrumbList","@id":"https:\/\/stabines-se.com\/cookie-policy\/#breadcrumb","itemListElement":[{"@type":"ListItem","position":1,"name":"Home","item":"https:\/\/stabines-se.com\/"},{"@type":"ListItem","position":2,"name":"Cookie Policy"}]},{"@type":"WebSite","@id":"https:\/\/stabines-se.com\/#website","url":"https:\/\/stabines-se.com\/","name":"Recruitment and Employment Agency","description":"","potentialAction":[{"@type":"SearchAction","target":{"@type":"EntryPoint","urlTemplate":"https:\/\/stabines-se.com\/?s={search_term_string}"},"query-input":"required name=search_term_string"}],"inLanguage":"it-IT"}]}},"_links":{"self":[{"href":"https:\/\/stabines-se.com\/it\/wp-json\/wp\/v2\/pages\/1058"}],"collection":[{"href":"https:\/\/stabines-se.com\/it\/wp-json\/wp\/v2\/pages"}],"about":[{"href":"https:\/\/stabines-se.com\/it\/wp-json\/wp\/v2\/types\/page"}],"author":[{"embeddable":true,"href":"https:\/\/stabines-se.com\/it\/wp-json\/wp\/v2\/users\/1"}],"replies":[{"embeddable":true,"href":"https:\/\/stabines-se.com\/it\/wp-json\/wp\/v2\/comments?post=1058"}],"version-history":[{"count":23,"href":"https:\/\/stabines-se.com\/it\/wp-json\/wp\/v2\/pages\/1058\/revisions"}],"predecessor-version":[{"id":2816,"href":"https:\/\/stabines-se.com\/it\/wp-json\/wp\/v2\/pages\/1058\/revisions\/2816"}],"wp:attachment":[{"href":"https:\/\/stabines-se.com\/it\/wp-json\/wp\/v2\/media?parent=1058"}],"curies":[{"name":"wp","href":"https:\/\/api.w.org\/{rel}","templated":true}]}}