{"id":1058,"date":"2021-12-10T19:01:24","date_gmt":"2021-12-10T19:01:24","guid":{"rendered":"http:\/\/stabines-se.com\/?page_id=1058"},"modified":"2022-09-13T21:37:53","modified_gmt":"2022-09-13T21:37:53","slug":"cookie-policy","status":"publish","type":"page","link":"https:\/\/stabines-se.com\/de\/cookie-policy\/","title":{"rendered":"Cookie-Richtlinien"},"content":{"rendered":"<div data-elementor-type=\"wp-page\" data-elementor-id=\"1058\" class=\"elementor elementor-1058\">\n\t\t\t\t\t\t\t\t\t<section class=\"elementor-section elementor-top-section elementor-element elementor-element-ef56bf2 elementor-section-boxed elementor-section-height-default elementor-section-height-default parallax_section_no qode_elementor_container_no\" data-id=\"ef56bf2\" data-element_type=\"section\" data-settings=\"{&quot;ekit_has_onepagescroll_dot&quot;:&quot;yes&quot;}\">\n\t\t\t\t\t\t<div class=\"elementor-container elementor-column-gap-default\">\n\t\t\t\t\t<div class=\"elementor-column elementor-col-100 elementor-top-column elementor-element elementor-element-b54e423\" data-id=\"b54e423\" data-element_type=\"column\">\n\t\t\t<div class=\"elementor-widget-wrap elementor-element-populated\">\n\t\t\t\t\t\t\t\t<div class=\"elementor-element elementor-element-5dac9e0 elementor-widget elementor-widget-heading\" data-id=\"5dac9e0\" data-element_type=\"widget\" data-settings=\"{&quot;ekit_we_effect_on&quot;:&quot;none&quot;}\" data-widget_type=\"heading.default\">\n\t\t\t\t<div class=\"elementor-widget-container\">\n\t\t\t<style>\/*! elementor - v3.9.2 - 21-12-2022 *\/\n.elementor-heading-title{padding:0;margin:0;line-height:1}.elementor-widget-heading .elementor-heading-title[class*=elementor-size-]>a{color:inherit;font-size:inherit;line-height:inherit}.elementor-widget-heading .elementor-heading-title.elementor-size-small{font-size:15px}.elementor-widget-heading .elementor-heading-title.elementor-size-medium{font-size:19px}.elementor-widget-heading .elementor-heading-title.elementor-size-large{font-size:29px}.elementor-widget-heading .elementor-heading-title.elementor-size-xl{font-size:39px}.elementor-widget-heading .elementor-heading-title.elementor-size-xxl{font-size:59px}<\/style><h2 class=\"elementor-heading-title elementor-size-default\">Cookie-Richtlinien<\/h2>\t\t<\/div>\n\t\t\t\t<\/div>\n\t\t\t\t<div class=\"elementor-element elementor-element-f54ef63 elementor-absolute elementor-widget elementor-widget-heading\" data-id=\"f54ef63\" data-element_type=\"widget\" data-settings=\"{&quot;_position&quot;:&quot;absolute&quot;,&quot;ekit_we_effect_on&quot;:&quot;none&quot;}\" data-widget_type=\"heading.default\">\n\t\t\t\t<div class=\"elementor-widget-container\">\n\t\t\t<h2 class=\"elementor-heading-title elementor-size-default\">Cookie-Richtlinien<\/h2>\t\t<\/div>\n\t\t\t\t<\/div>\n\t\t\t\t\t<\/div>\n\t\t<\/div>\n\t\t\t\t\t\t\t<\/div>\n\t\t<\/section>\n\t\t\t\t<section class=\"elementor-section elementor-top-section elementor-element elementor-element-f608074 elementor-section-boxed elementor-section-height-default elementor-section-height-default parallax_section_no qode_elementor_container_no\" data-id=\"f608074\" data-element_type=\"section\" data-settings=\"{&quot;ekit_has_onepagescroll_dot&quot;:&quot;yes&quot;}\">\n\t\t\t\t\t\t<div class=\"elementor-container elementor-column-gap-default\">\n\t\t\t\t\t<div class=\"elementor-column elementor-col-100 elementor-top-column elementor-element elementor-element-ef98cad\" data-id=\"ef98cad\" data-element_type=\"column\">\n\t\t\t<div class=\"elementor-widget-wrap elementor-element-populated\">\n\t\t\t\t\t\t\t\t<div class=\"elementor-element elementor-element-ca6b49a elementor-widget elementor-widget-text-editor\" data-id=\"ca6b49a\" data-element_type=\"widget\" data-settings=\"{&quot;ekit_we_effect_on&quot;:&quot;none&quot;}\" data-widget_type=\"text-editor.default\">\n\t\t\t\t<div class=\"elementor-widget-container\">\n\t\t\t<style>\/*! elementor - v3.9.2 - 21-12-2022 *\/\n.elementor-widget-text-editor.elementor-drop-cap-view-stacked .elementor-drop-cap{background-color:#818a91;color:#fff}.elementor-widget-text-editor.elementor-drop-cap-view-framed .elementor-drop-cap{color:#818a91;border:3px solid;background-color:transparent}.elementor-widget-text-editor:not(.elementor-drop-cap-view-default) .elementor-drop-cap{margin-top:8px}.elementor-widget-text-editor:not(.elementor-drop-cap-view-default) .elementor-drop-cap-letter{width:1em;height:1em}.elementor-widget-text-editor .elementor-drop-cap{float:left;text-align:center;line-height:1;font-size:50px}.elementor-widget-text-editor .elementor-drop-cap-letter{display:inline-block}<\/style>\t\t\t\t<p>Diese Cookie-Richtlinie erkl\u00e4rt, wie Stabines International Kft Cookies und \u00e4hnliche Technologien verwendet. Wann immer Sie die Websites, Produkte, Werbedienstleistungen oder andere Technologien (\"Dienstleistungen\") von Stabines nutzen oder eine Website, App oder Dienstleistung besuchen, die unsere Dienstleistungen nutzt, k\u00f6nnen Informationen durch die Verwendung von Cookies und \u00e4hnlichen Technologien erfasst werden. Stabines verpflichtet sich, die pers\u00f6nlichen Daten zu sch\u00fctzen, die bei der Nutzung unserer Dienste erfasst werden.<\/p><p>&#8211; Cookie: a small amount of data generated by a website and saved by your web browser. It is used to identify your browser, provide analytics, and remember information about you, such as your language preference or login information.<\/p><p>&#8211; Company: when this policy mentions \u201cCompany,\u201d \u201cwe,\u201d \u201cus,\u201d or \u201cour,\u201d it refers to Stabines International Kft (1145 Budapest, Mexikoi ut 65\/b fszt. 2), that is responsible for your information under this Cookie Policy.<\/p><p>&#8211; Device: any internet-connected device such as a phone, tablet, computer or any other device that can be used to visit Stabines and use the services.<\/p><p>&#8211; Personal Data: Any information that directly, indirectly, or in connection with other information \u2014 including a personal identification number \u2014 allows for the identification or identifiability of a natural person.<\/p><p>&#8211; Service: refers to the service provided by Stabines as described in the relative terms (if available) and on this platform.<\/p><p>&#8211; Third-party service: refers to advertisers, contest sponsors, promotional and marketing partners, and others who provide our content or whose products or services we think may interest you.<\/p><p>&#8211; Website: Stabines International Kft\u2019s site, which can be accessed via this URL: https:\/\/Stabines.com\/<\/p><p>&#8211; You: a person or entity registered with Stabines International Kft to use the Services.<\/p>\t\t\t\t\t\t<\/div>\n\t\t\t\t<\/div>\n\t\t\t\t<div class=\"elementor-element elementor-element-8400354 elementor-widget elementor-widget-text-editor\" data-id=\"8400354\" data-element_type=\"widget\" data-settings=\"{&quot;ekit_we_effect_on&quot;:&quot;none&quot;}\" data-widget_type=\"text-editor.default\">\n\t\t\t\t<div class=\"elementor-widget-container\">\n\t\t\t\t\t\t\t<p>DIESE COOKIE-RICHTLINIE ENTH\u00c4LT DIE FOLGENDEN INFORMATIONEN F\u00dcR NUTZER:<\/p><p>\u00a0<\/p><p>WAS SIND COOKIES UND \u00c4HNLICHE TECHNOLOGIEN?<\/p>\t\t\t\t\t\t<\/div>\n\t\t\t\t<\/div>\n\t\t\t\t<div class=\"elementor-element elementor-element-ed6e4d4 elementor-widget elementor-widget-text-editor\" data-id=\"ed6e4d4\" data-element_type=\"widget\" data-settings=\"{&quot;ekit_we_effect_on&quot;:&quot;none&quot;}\" data-widget_type=\"text-editor.default\">\n\t\t\t\t<div class=\"elementor-widget-container\">\n\t\t\t\t\t\t\t<p class=\" translation-block\">Ein Cookie ist eine kleine Datendatei, die h\u00e4ufig eine eindeutige Kennung enth\u00e4lt und vom Webserver an Ihren Computer, Ihr Handy oder Tablet (in dieser Richtlinie als \"Ger\u00e4t\" bezeichnet) gesendet wird, damit sich die Website Informationen \u00fcber Ihre Surfaktivit\u00e4ten auf der Website merken kann. Das Cookie sammelt Informationen \u00fcber Ihre Nutzung unserer Dienste, Informationen \u00fcber Ihr Ger\u00e4t, z. B. die IP-Adresse des Ger\u00e4ts und den Browsertyp, den allgemeinen Standort und, falls Sie \u00fcber einen Link von einer Drittanbieter-Website auf unsere Website gelangt sind, die URL der verlinkten Seite. Angenommen, Sie haben sich f\u00fcr einen Dienst registriert oder sind ein Abonnent. In diesem Fall k\u00f6nnen auch Ihr Name und Ihre E-Mail-Adresse erfasst werden, die zum Zweck der Verifizierung des registrierten Benutzers oder des Abonnenten an Datenverarbeiter \u00fcbermittelt werden k\u00f6nnen.\n<br> <br>\n\u00c4hnliche Technologien, die als \"lokale Speicherung\" bekannt sind, k\u00f6nnen in unseren Diensten auch als Alternative zu Cookies verwendet werden. Dabei handelt es sich um eine Technologie, die mit Cookies vergleichbar ist und sehr \u00e4hnliche Funktionen erf\u00fcllt, wie z. B. die Zwischenspeicherung von Daten zur Verbesserung unserer Dienste, die Registrierung f\u00fcr unsere Dienste, die Verfolgung von Aktivit\u00e4ten, damit unsere Werbetreibenden und wir im Rahmen dieser Richtlinie f\u00fcr Sie werben k\u00f6nnen, sowie die Z\u00e4hlung der Personen, die sich Anzeigen in unseren Diensten ansehen. Wenn wir in dieser Richtlinie von \"Cookies\" sprechen, meinen wir solche Cookies oder \u00e4hnliche Technologien.<\/p>\t\t\t\t\t\t<\/div>\n\t\t\t\t<\/div>\n\t\t\t\t<div class=\"elementor-element elementor-element-ea6cd50 elementor-widget elementor-widget-text-editor\" data-id=\"ea6cd50\" data-element_type=\"widget\" data-settings=\"{&quot;ekit_we_effect_on&quot;:&quot;none&quot;}\" data-widget_type=\"text-editor.default\">\n\t\t\t\t<div class=\"elementor-widget-container\">\n\t\t\t\t\t\t\t<p>WAS SIND DIE VERSCHIEDENEN ARTEN VON COOKIES?<\/p>\t\t\t\t\t\t<\/div>\n\t\t\t\t<\/div>\n\t\t\t\t<div class=\"elementor-element elementor-element-4d25f09 elementor-widget elementor-widget-text-editor\" data-id=\"4d25f09\" data-element_type=\"widget\" data-settings=\"{&quot;ekit_we_effect_on&quot;:&quot;none&quot;}\" data-widget_type=\"text-editor.default\">\n\t\t\t\t<div class=\"elementor-widget-container\">\n\t\t\t\t\t\t\t<p>Session-Cookies werden nur f\u00fcr die Dauer Ihres Besuchs auf einer Website gespeichert und werden von Ihrem Ger\u00e4t gel\u00f6scht, sobald Sie Ihren Browser schlie\u00dfen; <br \/><br \/>Dauerhafte Cookies werden f\u00fcr einen bestimmten Zeitraum nach dem Schlie\u00dfen des Browsers auf Ihrem Ger\u00e4t gespeichert und verwendet, wenn wir (oder ein Dritter) Sie f\u00fcr eine sp\u00e4tere Browsing-Sitzung identifizieren m\u00fcssen. <br \/><br \/>Wir verwenden die folgenden Arten von Cookies auf unserer Website: Unverzichtbare Cookies, Leistungs- und Funktions-Cookies, Analyse- und Anpassungs-Cookies und Cookies von Dritten.<\/p>\t\t\t\t\t\t<\/div>\n\t\t\t\t<\/div>\n\t\t\t\t<div class=\"elementor-element elementor-element-7be173b elementor-widget elementor-widget-text-editor\" data-id=\"7be173b\" data-element_type=\"widget\" data-settings=\"{&quot;ekit_we_effect_on&quot;:&quot;none&quot;}\" data-widget_type=\"text-editor.default\">\n\t\t\t\t<div class=\"elementor-widget-container\">\n\t\t\t\t\t\t\t<p>WOF\u00dcR WERDEN COOKIES VERWENDET?<\/p>\t\t\t\t\t\t<\/div>\n\t\t\t\t<\/div>\n\t\t\t\t<div class=\"elementor-element elementor-element-696e8cb elementor-widget elementor-widget-text-editor\" data-id=\"696e8cb\" data-element_type=\"widget\" data-settings=\"{&quot;ekit_we_effect_on&quot;:&quot;none&quot;}\" data-widget_type=\"text-editor.default\">\n\t\t\t\t<div class=\"elementor-widget-container\">\n\t\t\t\t\t\t\t<p>1. Wesentliche Cookies <br \/>Wir verwenden wesentliche Cookies, damit unsere Website funktioniert. Diese Cookies sind unbedingt erforderlich, um Kernfunktionen wie Sicherheit, Netzwerkmanagement, Ihre Cookie-Einstellungen und Zug\u00e4nglichkeit zu erm\u00f6glichen. Ohne diese Cookies k\u00f6nnten Sie unsere grundlegenden Dienste nicht nutzen. Sie k\u00f6nnen diese Cookies deaktivieren, indem Sie die Einstellungen Ihres Browsers \u00e4ndern; dies kann jedoch die Funktionsweise der Websites beeintr\u00e4chtigen. <br \/><br \/>2. Funktionale Cookies <br \/>Funktionale Cookies sind f\u00fcr das Funktionieren unserer Dienste erforderlich. Sie werden verwendet, um Ihre Pr\u00e4ferenzen auf unseren Websites zu speichern und verbesserte, pers\u00f6nlichere Funktionen bereitzustellen. Die von diesen Cookies gesammelten Informationen sind in der Regel anonymisiert, so dass wir Sie nicht pers\u00f6nlich identifizieren k\u00f6nnen. Funktionale Cookies verfolgen nicht Ihre Internetnutzung und sammeln keine Informationen, die f\u00fcr den Verkauf von Werbung verwendet werden k\u00f6nnten, tragen aber zur Bereitstellung von Werbung bei. Bei diesen Cookies handelt es sich in der Regel um Sitzungscookies, die ablaufen, wenn Sie Ihre Browsersitzung schlie\u00dfen. <br \/><br \/>3. Analytische Leistungs- und Messungs-Cookies <br \/>Analytische Leistungs-Cookies werden verwendet, um die Leistung unserer Dienste zu \u00fcberwachen, z. B. um die Anzahl der Seitenaufrufe und die Anzahl der einzelnen Nutzer einer Website zu ermitteln. Webanalysedienste k\u00f6nnen von Dritten entwickelt und betrieben werden. Anhand der von diesen Cookies bereitgestellten Informationen k\u00f6nnen wir das Nutzerverhalten analysieren. Wir verwenden diese Informationen, um die Benutzerfreundlichkeit zu verbessern oder Bereiche der Website zu identifizieren, die m\u00f6glicherweise gewartet werden m\u00fcssen. Die Daten sind anonym (d. h. sie k\u00f6nnen Sie nicht identifizieren und enthalten keine pers\u00f6nlichen Informationen wie Ihren Namen und Ihre E-Mail-Adresse). Sie werden nur f\u00fcr statistische Zwecke verwendet. <br \/><br \/>4. Cookies von Dritten <br \/>Einige Cookies, die auf unserer Website gesetzt werden, werden nicht von Stabines als Erstanbieter gesetzt. Zudem k\u00f6nnen Websites mit Inhalten von Drittanbietern eingebettet sein, um Werbung zu schalten. Diese Drittanbieter k\u00f6nnen Cookies in Ihrem Webbrowser platzieren. Drittanbieter kontrollieren viele der oben beschriebenen Leistungs- und Funktions-, Werbe-, Marketing- und Analyse-Cookies. Wir haben keine Kontrolle \u00fcber die Verwendung dieser Drittanbieter-Cookies, da nur der Drittanbieter, der sie urspr\u00fcnglich gesetzt hat, Zugriff auf die Cookies hat.<\/p>\t\t\t\t\t\t<\/div>\n\t\t\t\t<\/div>\n\t\t\t\t<div class=\"elementor-element elementor-element-3936e05 elementor-widget elementor-widget-text-editor\" data-id=\"3936e05\" data-element_type=\"widget\" data-settings=\"{&quot;ekit_we_effect_on&quot;:&quot;none&quot;}\" data-widget_type=\"text-editor.default\">\n\t\t\t\t<div class=\"elementor-widget-container\">\n\t\t\t\t\t\t\t<p>WIE K\u00d6NNEN DIE NUTZER COOKIES VERWALTEN?<\/p>\t\t\t\t\t\t<\/div>\n\t\t\t\t<\/div>\n\t\t\t\t<div class=\"elementor-element elementor-element-0824a8b elementor-widget elementor-widget-text-editor\" data-id=\"0824a8b\" data-element_type=\"widget\" data-settings=\"{&quot;ekit_we_effect_on&quot;:&quot;none&quot;}\" data-widget_type=\"text-editor.default\">\n\t\t\t\t<div class=\"elementor-widget-container\">\n\t\t\t\t\t\t\t<p>Manche Menschen empfinden die Vorstellung, dass eine Website Informationen auf ihrem Ger\u00e4t speichert, als etwas aufdringlich, vor allem, wenn die Daten von einem Dritten gespeichert und verwendet werden. Sie k\u00f6nnen beispielsweise ablehnen, dass Ihnen auf der Grundlage Ihres Browserverlaufs Werbung angezeigt wird, die auf Ihre Interessen zugeschnitten ist.<\/p><p>Cookies, auch solche, die bereits gesetzt wurden, k\u00f6nnen von Ihrer Festplatte gel\u00f6scht werden. Weitere Informationen finden Sie weiter unten. <br \/>&#8211; Google Chrome <br \/>&#8211; Internet Explorer <br \/>&#8211; Mozilla Firefox <br \/>&#8211; Safari (Desktop) <br \/>&#8211; Safari (Mobile) <br \/>&#8211; Android Browser <br \/>&#8211; Opera <br \/>&#8211; Opera Mobile<\/p>\t\t\t\t\t\t<\/div>\n\t\t\t\t<\/div>\n\t\t\t\t<div class=\"elementor-element elementor-element-2226e42 elementor-widget elementor-widget-text-editor\" data-id=\"2226e42\" data-element_type=\"widget\" data-settings=\"{&quot;ekit_we_effect_on&quot;:&quot;none&quot;}\" data-widget_type=\"text-editor.default\">\n\t\t\t\t<div class=\"elementor-widget-container\">\n\t\t\t\t\t\t\t<p>\u00c4NDERUNGEN UNSERER COOKIE-RICHTLINIE<\/p>\t\t\t\t\t\t<\/div>\n\t\t\t\t<\/div>\n\t\t\t\t<div class=\"elementor-element elementor-element-597f3ae elementor-widget elementor-widget-text-editor\" data-id=\"597f3ae\" data-element_type=\"widget\" data-settings=\"{&quot;ekit_we_effect_on&quot;:&quot;none&quot;}\" data-widget_type=\"text-editor.default\">\n\t\t\t\t<div class=\"elementor-widget-container\">\n\t\t\t\t\t\t\t<p>Wir k\u00f6nnen unseren Service und unsere Richtlinien \u00e4ndern und es kann vorkommen, dass wir \u00c4nderungen an dieser Cookie-Richtlinie vornehmen m\u00fcssen, um unseren Service und unsere Richtlinien korrekt wiederzugeben. Sofern nicht anderweitig gesetzlich vorgeschrieben, werden wir Sie benachrichtigen (z. B. \u00fcber unseren Dienst), bevor wir \u00c4nderungen an dieser Cookie-Richtlinie vornehmen, damit Sie diese \u00fcberpr\u00fcfen k\u00f6nnen, bevor sie in Kraft tritt. Wenn Sie den Dienst dann weiterhin nutzen, sind Sie an die aktualisierte Cookie-Richtlinie gebunden. Wenn Sie dieser oder einer aktualisierten Cookie-Richtlinie nicht zustimmen m\u00f6chten, k\u00f6nnen Sie Ihr Benutzerkonto jederzeit l\u00f6schen.<\/p>\t\t\t\t\t\t<\/div>\n\t\t\t\t<\/div>\n\t\t\t\t<div class=\"elementor-element elementor-element-296cefa elementor-widget elementor-widget-text-editor\" data-id=\"296cefa\" data-element_type=\"widget\" data-settings=\"{&quot;ekit_we_effect_on&quot;:&quot;none&quot;}\" data-widget_type=\"text-editor.default\">\n\t\t\t\t<div class=\"elementor-widget-container\">\n\t\t\t\t\t\t\t<p>KONTAKT<\/p>\t\t\t\t\t\t<\/div>\n\t\t\t\t<\/div>\n\t\t\t\t<div class=\"elementor-element elementor-element-cea4490 elementor-widget elementor-widget-text-editor\" data-id=\"cea4490\" data-element_type=\"widget\" data-settings=\"{&quot;ekit_we_effect_on&quot;:&quot;none&quot;}\" data-widget_type=\"text-editor.default\">\n\t\t\t\t<div class=\"elementor-widget-container\">\n\t\t\t\t\t\t\t<p>Wenn Sie Fragen haben, kontaktieren Sie uns bitte: <br \/>&#8211; Via Email: <a href=\"mailto:info@stabines-se.com\">info@stabines-se.com<\/a> <br \/>&#8211; Via Phone: <a href=\"tel:+3618001944\">+3618001944<\/a> <br \/>&#8211; Via this Link: <a href=\"https:\/\/stabines-se.com\/de\/contact\/\">https:\/\/stabines-se.com\/de\/contact\/ <\/a><\/p>\t\t\t\t\t\t<\/div>\n\t\t\t\t<\/div>\n\t\t\t\t\t<\/div>\n\t\t<\/div>\n\t\t\t\t\t\t\t<\/div>\n\t\t<\/section>\n\t\t\t\t\t\t\t<\/div>","protected":false},"excerpt":{"rendered":"<p>Cookie Policy Cookie Policy This Cookies Policy explains how Stabines International Kft uses cookies and similar technologies. Whenever you use Stabines\u2019s websites, products, advertising services or other technologies (\u201cServices\u201d), or visit a website, app or service which uses our Services, information may be collected through&#8230;<\/p>","protected":false},"author":1,"featured_media":0,"parent":0,"menu_order":0,"comment_status":"closed","ping_status":"closed","template":"","meta":{"om_disable_all_campaigns":false,"inline_featured_image":false,"_mi_skip_tracking":false,"footnotes":""},"acf":[],"yoast_head":"<!-- This site is optimized with the Yoast SEO Premium plugin v17.1 (Yoast SEO v19.13) - https:\/\/yoast.com\/wordpress\/plugins\/seo\/ -->\n<title>Cookie Policy - Recruitment and Employment Agency<\/title>\n<meta name=\"robots\" content=\"index, follow, max-snippet:-1, max-image-preview:large, max-video-preview:-1\" \/>\n<link rel=\"canonical\" href=\"https:\/\/stabines-se.com\/de\/cookie-policy\/\" \/>\n<meta property=\"og:locale\" content=\"de_DE\" \/>\n<meta property=\"og:type\" content=\"article\" \/>\n<meta property=\"og:title\" content=\"Cookie Policy\" \/>\n<meta property=\"og:description\" content=\"Cookie Policy Cookie Policy This Cookies Policy explains how Stabines International Kft uses cookies and similar technologies. Whenever you use Stabines\u2019s websites, products, advertising services or other technologies (\u201cServices\u201d), or visit a website, app or service which uses our Services, information may be collected through...\" \/>\n<meta property=\"og:url\" content=\"https:\/\/stabines-se.com\/de\/cookie-policy\/\" \/>\n<meta property=\"og:site_name\" content=\"Recruitment and Employment Agency\" \/>\n<meta property=\"article:modified_time\" content=\"2022-09-13T21:37:53+00:00\" \/>\n<meta name=\"twitter:card\" content=\"summary_large_image\" \/>\n<meta name=\"twitter:label1\" content=\"Gesch\u00e4tzte Lesezeit\" \/>\n\t<meta name=\"twitter:data1\" content=\"6\u00a0Minuten\" \/>\n<script type=\"application\/ld+json\" class=\"yoast-schema-graph\">{\"@context\":\"https:\/\/schema.org\",\"@graph\":[{\"@type\":\"WebPage\",\"@id\":\"https:\/\/stabines-se.com\/cookie-policy\/\",\"url\":\"https:\/\/stabines-se.com\/cookie-policy\/\",\"name\":\"Cookie Policy - Recruitment and Employment Agency\",\"isPartOf\":{\"@id\":\"https:\/\/stabines-se.com\/#website\"},\"datePublished\":\"2021-12-10T19:01:24+00:00\",\"dateModified\":\"2022-09-13T21:37:53+00:00\",\"breadcrumb\":{\"@id\":\"https:\/\/stabines-se.com\/cookie-policy\/#breadcrumb\"},\"inLanguage\":\"de-DE\",\"potentialAction\":[{\"@type\":\"ReadAction\",\"target\":[\"https:\/\/stabines-se.com\/cookie-policy\/\"]}]},{\"@type\":\"BreadcrumbList\",\"@id\":\"https:\/\/stabines-se.com\/cookie-policy\/#breadcrumb\",\"itemListElement\":[{\"@type\":\"ListItem\",\"position\":1,\"name\":\"Home\",\"item\":\"https:\/\/stabines-se.com\/\"},{\"@type\":\"ListItem\",\"position\":2,\"name\":\"Cookie Policy\"}]},{\"@type\":\"WebSite\",\"@id\":\"https:\/\/stabines-se.com\/#website\",\"url\":\"https:\/\/stabines-se.com\/\",\"name\":\"Recruitment and Employment Agency\",\"description\":\"\",\"potentialAction\":[{\"@type\":\"SearchAction\",\"target\":{\"@type\":\"EntryPoint\",\"urlTemplate\":\"https:\/\/stabines-se.com\/?s={search_term_string}\"},\"query-input\":\"required name=search_term_string\"}],\"inLanguage\":\"de-DE\"}]}<\/script>\n<!-- \/ Yoast SEO Premium plugin. -->","yoast_head_json":{"title":"Cookie Policy - Recruitment and Employment Agency","robots":{"index":"index","follow":"follow","max-snippet":"max-snippet:-1","max-image-preview":"max-image-preview:large","max-video-preview":"max-video-preview:-1"},"canonical":"https:\/\/stabines-se.com\/de\/cookie-policy\/","og_locale":"de_DE","og_type":"article","og_title":"Cookie Policy","og_description":"Cookie Policy Cookie Policy This Cookies Policy explains how Stabines International Kft uses cookies and similar technologies. Whenever you use Stabines\u2019s websites, products, advertising services or other technologies (\u201cServices\u201d), or visit a website, app or service which uses our Services, information may be collected through...","og_url":"https:\/\/stabines-se.com\/de\/cookie-policy\/","og_site_name":"Recruitment and Employment Agency","article_modified_time":"2022-09-13T21:37:53+00:00","twitter_card":"summary_large_image","twitter_misc":{"Gesch\u00e4tzte Lesezeit":"6\u00a0Minuten"},"schema":{"@context":"https:\/\/schema.org","@graph":[{"@type":"WebPage","@id":"https:\/\/stabines-se.com\/cookie-policy\/","url":"https:\/\/stabines-se.com\/cookie-policy\/","name":"Cookie Policy - Recruitment and Employment Agency","isPartOf":{"@id":"https:\/\/stabines-se.com\/#website"},"datePublished":"2021-12-10T19:01:24+00:00","dateModified":"2022-09-13T21:37:53+00:00","breadcrumb":{"@id":"https:\/\/stabines-se.com\/cookie-policy\/#breadcrumb"},"inLanguage":"de-DE","potentialAction":[{"@type":"ReadAction","target":["https:\/\/stabines-se.com\/cookie-policy\/"]}]},{"@type":"BreadcrumbList","@id":"https:\/\/stabines-se.com\/cookie-policy\/#breadcrumb","itemListElement":[{"@type":"ListItem","position":1,"name":"Home","item":"https:\/\/stabines-se.com\/"},{"@type":"ListItem","position":2,"name":"Cookie Policy"}]},{"@type":"WebSite","@id":"https:\/\/stabines-se.com\/#website","url":"https:\/\/stabines-se.com\/","name":"Recruitment and Employment Agency","description":"","potentialAction":[{"@type":"SearchAction","target":{"@type":"EntryPoint","urlTemplate":"https:\/\/stabines-se.com\/?s={search_term_string}"},"query-input":"required name=search_term_string"}],"inLanguage":"de-DE"}]}},"_links":{"self":[{"href":"https:\/\/stabines-se.com\/de\/wp-json\/wp\/v2\/pages\/1058"}],"collection":[{"href":"https:\/\/stabines-se.com\/de\/wp-json\/wp\/v2\/pages"}],"about":[{"href":"https:\/\/stabines-se.com\/de\/wp-json\/wp\/v2\/types\/page"}],"author":[{"embeddable":true,"href":"https:\/\/stabines-se.com\/de\/wp-json\/wp\/v2\/users\/1"}],"replies":[{"embeddable":true,"href":"https:\/\/stabines-se.com\/de\/wp-json\/wp\/v2\/comments?post=1058"}],"version-history":[{"count":23,"href":"https:\/\/stabines-se.com\/de\/wp-json\/wp\/v2\/pages\/1058\/revisions"}],"predecessor-version":[{"id":2816,"href":"https:\/\/stabines-se.com\/de\/wp-json\/wp\/v2\/pages\/1058\/revisions\/2816"}],"wp:attachment":[{"href":"https:\/\/stabines-se.com\/de\/wp-json\/wp\/v2\/media?parent=1058"}],"curies":[{"name":"wp","href":"https:\/\/api.w.org\/{rel}","templated":true}]}}